{"id":14204,"date":"2024-04-05T15:26:21","date_gmt":"2024-04-05T13:26:21","guid":{"rendered":"https:\/\/proekspert.com\/solutions\/"},"modified":"2024-06-22T08:53:31","modified_gmt":"2024-06-22T06:53:31","slug":"unsere-losungen","status":"publish","type":"page","link":"https:\/\/proekspert.com\/de\/unsere-losungen\/","title":{"rendered":"Unsere L\u00f6sungen"},"content":{"rendered":"\n<section class=\"wp-block-cgb-section-block section-service-page-v2-hero text-white\"><div class=\"section-bg bg__stretched\" style=\"background-image:url(https:\/\/proekspert.com\/wp-content\/uploads\/2024\/05\/solutions-hero-bg-1600x558.png);opacity:1\"><\/div><div class=\"container container__main\">\n<h1 class=\"wp-block-heading\">Unsere L\u00f6sungen<\/h1>\n\n\n\n<div class=\"wp-block-cgb-section-block center\"><div class=\"container container__narrow\">\n<p>Wir helfen Ger\u00e4te- und Maschinenherstellern, intelligente Produkte zu entwickeln und sich durch digitale Mehrwertdienste ganz auf den Kunden zu konzentrieren.<\/p>\n\n\n\n<p class=\"header-arrow-link\"><a href=\"#\">Erfahren Sie mehr<\/a><\/p>\n<\/div><\/div>\n\n\n\n<div style=\"height:60px\" aria-hidden=\"true\" class=\"wp-block-spacer hidden-xs\"><\/div>\n\n\n\n<div class=\"wp-block-cgb-section-block left\"><div class=\"container container__main\">\n<div class=\"wp-block-columns our-solutions-security is-layout-flex wp-container-core-columns-is-layout-9d6595d7 wp-block-columns-is-layout-flex\">\n<div class=\"wp-block-column icon-box device-security-link is-layout-flow wp-block-column-is-layout-flow\">\n<figure class=\"wp-block-image size-large\"><img decoding=\"async\" width=\"64\" height=\"64\" src=\"https:\/\/proekspert.com\/wp-content\/uploads\/2024\/05\/icon-device-security.svg\" alt=\"\" class=\"wp-image-14067\"\/><\/figure>\n\n\n\n<p>Ger\u00e4tesicherheit<\/p>\n<\/div>\n\n\n\n<div class=\"wp-block-column icon-box cloud-link is-layout-flow wp-block-column-is-layout-flow\">\n<figure class=\"wp-block-image size-large\"><img decoding=\"async\" width=\"64\" height=\"64\" src=\"https:\/\/proekspert.com\/wp-content\/uploads\/2024\/05\/icon-cloud-connectivity.svg\" alt=\"\" class=\"wp-image-14086\"\/><\/figure>\n\n\n\n<p>Cloud-Konnektivit\u00e4t<\/p>\n<\/div>\n\n\n\n<div class=\"wp-block-column icon-box data-link is-layout-flow wp-block-column-is-layout-flow\">\n<figure class=\"wp-block-image size-large\"><img decoding=\"async\" width=\"64\" height=\"64\" src=\"https:\/\/proekspert.com\/wp-content\/uploads\/2024\/05\/icon-data-and-bi.svg\" alt=\"\" class=\"wp-image-14089\"\/><\/figure>\n\n\n\n<p>Daten und BI<\/p>\n<\/div>\n\n\n\n<div class=\"wp-block-column icon-box digital-link is-layout-flow wp-block-column-is-layout-flow\">\n<figure class=\"wp-block-image size-large\"><img decoding=\"async\" width=\"64\" height=\"64\" src=\"https:\/\/proekspert.com\/wp-content\/uploads\/2024\/05\/icon-digital-services.svg\" alt=\"\" class=\"wp-image-14091\"\/><\/figure>\n\n\n\n<p>Digitale Dienste<\/p>\n<\/div>\n\n\n\n<div class=\"wp-block-column icon-box our-solutions-security-icon-box-last others-link is-layout-flow wp-block-column-is-layout-flow\">\n<figure class=\"wp-block-image size-large\"><img decoding=\"async\" width=\"64\" height=\"64\" src=\"https:\/\/proekspert.com\/wp-content\/uploads\/2024\/05\/icon-other.svg\" alt=\"\" class=\"wp-image-14093\"\/><\/figure>\n\n\n\n<p>Unsere L\u00f6sungen<\/p>\n<\/div>\n<\/div>\n<\/div><\/div>\n<\/div><\/section>\n\n\n\n<section class=\"wp-block-cgb-section-block\"><div class=\"container container__main\">\n<div class=\"wp-block-cgb-section-block left\"><div class=\"container container__main\">\n<div class=\"wp-block-columns solutions-columns-reverse is-layout-flex wp-container-core-columns-is-layout-9d6595d7 wp-block-columns-is-layout-flex\">\n<div class=\"wp-block-column is-layout-flow wp-block-column-is-layout-flow\" style=\"flex-basis:66.66%\">\n<h2 class=\"wp-block-heading\">Ger\u00e4tesicherheit<\/h2>\n\n\n\n<p class=\"size18\">Proekspert entwickelt Sicherheitsl\u00f6sungen zum Schutz der Software von Industrieger\u00e4ten und -maschinen vor Cyberbedrohungen. Wir verf\u00fcgen \u00fcber mehr als 20 Jahre Erfahrung in der sicheren Integration von Zahlungsterminals f\u00fcr den Backend-Service von Banken.<\/p>\n\n\n\n<p class=\"content-arrow-link\"><a href=\"https:\/\/proekspert.com\/solutions\/device-security\/\">Mehr \u00fcber unsere L\u00f6sungen<\/a><br>(Bitte beachten Sie, dass Sie von dieser Seite auf unsere englischsprachige Seite weitergeleitet werden.)<\/p>\n<\/div>\n\n\n\n<div class=\"wp-block-column solutions-columns-img is-layout-flow wp-block-column-is-layout-flow\" style=\"flex-basis:33.33%\">\n<figure class=\"wp-block-image size-full\"><img decoding=\"async\" width=\"600\" height=\"400\" src=\"https:\/\/proekspert.com\/wp-content\/uploads\/2024\/05\/solutions-device-security-img.jpg\" alt=\"\" class=\"wp-image-14107\" srcset=\"https:\/\/proekspert.com\/wp-content\/uploads\/2024\/05\/solutions-device-security-img.jpg 600w, https:\/\/proekspert.com\/wp-content\/uploads\/2024\/05\/solutions-device-security-img-300x200.jpg 300w\" sizes=\"(max-width: 600px) 100vw, 600px\" \/><\/figure>\n<\/div>\n<\/div>\n\n\n\n<div style=\"height:75px\" aria-hidden=\"true\" class=\"wp-block-spacer\"><\/div>\n\n\n\n<div class=\"wp-block-columns is-layout-flex wp-container-core-columns-is-layout-9d6595d7 wp-block-columns-is-layout-flex\">\n<div class=\"wp-block-column solutions-columns-img is-layout-flow wp-block-column-is-layout-flow\" style=\"flex-basis:33.33%\">\n<figure class=\"wp-block-image size-full\"><img decoding=\"async\" width=\"600\" height=\"400\" src=\"https:\/\/proekspert.com\/wp-content\/uploads\/2024\/05\/solutions-cloud-connectivity-img.jpg\" alt=\"\" class=\"wp-image-14118\" srcset=\"https:\/\/proekspert.com\/wp-content\/uploads\/2024\/05\/solutions-cloud-connectivity-img.jpg 600w, https:\/\/proekspert.com\/wp-content\/uploads\/2024\/05\/solutions-cloud-connectivity-img-300x200.jpg 300w\" sizes=\"(max-width: 600px) 100vw, 600px\" \/><\/figure>\n<\/div>\n\n\n\n<div class=\"wp-block-column is-layout-flow wp-block-column-is-layout-flow\" style=\"flex-basis:66.66%\">\n<h2 class=\"wp-block-heading\">Cloud-Konnektivit\u00e4t<\/h2>\n\n\n\n<p class=\"size18\">Proekspert entwickelt Sicherheitsl\u00f6sungen zum Schutz der Software von Industrieger\u00e4ten und -maschinen vor Cyberbedrohungen. Wir verf\u00fcgen \u00fcber mehr als 20 Jahre Erfahrung in der sicheren Integration von Zahlungsterminals f\u00fcr den Backend-Service von Banken.<\/p>\n\n\n\n<p class=\"content-arrow-link\"><a href=\"https:\/\/proekspert.com\/cloud-connectivity-for-your-remote-devices\/\">Mehr \u00fcber unsere L\u00f6sungen<\/a><br>(Bitte beachten Sie, dass Sie von dieser Seite auf unsere englischsprachige Seite weitergeleitet werden.)<\/p>\n<\/div>\n<\/div>\n\n\n\n<div style=\"height:75px\" aria-hidden=\"true\" class=\"wp-block-spacer\"><\/div>\n\n\n\n<div class=\"wp-block-columns solutions-columns-reverse is-layout-flex wp-container-core-columns-is-layout-9d6595d7 wp-block-columns-is-layout-flex\">\n<div class=\"wp-block-column is-layout-flow wp-block-column-is-layout-flow\" style=\"flex-basis:66.66%\">\n<h2 class=\"wp-block-heading\">Daten und BI<\/h2>\n\n\n\n<p class=\"size18\">Proekspert entwickelt Sicherheitsl\u00f6sungen zum Schutz der Software von Industrieger\u00e4ten und -maschinen vor Cyberbedrohungen. Wir verf\u00fcgen \u00fcber mehr als 20 Jahre Erfahrung in der sicheren Integration von Zahlungsterminals f\u00fcr den Backend-Service von Banken.<\/p>\n\n\n\n<p class=\"content-arrow-link\"><a href=\"https:\/\/proekspert.com\/business-intelligence-report\/\">Mehr \u00fcber unsere L\u00f6sungen<\/a><br>(Bitte beachten Sie, dass Sie von dieser Seite auf unsere englischsprachige Seite weitergeleitet werden.)<\/p>\n<\/div>\n\n\n\n<div class=\"wp-block-column solutions-columns-img is-layout-flow wp-block-column-is-layout-flow\" style=\"flex-basis:33.33%\">\n<figure class=\"wp-block-image size-full\"><img decoding=\"async\" width=\"600\" height=\"400\" src=\"https:\/\/proekspert.com\/wp-content\/uploads\/2024\/05\/solutions-data-bi-img.jpg\" alt=\"\" class=\"wp-image-14120\" srcset=\"https:\/\/proekspert.com\/wp-content\/uploads\/2024\/05\/solutions-data-bi-img.jpg 600w, https:\/\/proekspert.com\/wp-content\/uploads\/2024\/05\/solutions-data-bi-img-300x200.jpg 300w\" sizes=\"(max-width: 600px) 100vw, 600px\" \/><\/figure>\n<\/div>\n<\/div>\n\n\n\n<div style=\"height:75px\" aria-hidden=\"true\" class=\"wp-block-spacer\"><\/div>\n\n\n\n<div class=\"wp-block-columns is-layout-flex wp-container-core-columns-is-layout-9d6595d7 wp-block-columns-is-layout-flex\">\n<div class=\"wp-block-column solutions-columns-img is-layout-flow wp-block-column-is-layout-flow\" style=\"flex-basis:33.33%\">\n<figure class=\"wp-block-image size-full\"><img decoding=\"async\" width=\"600\" height=\"400\" src=\"https:\/\/proekspert.com\/wp-content\/uploads\/2024\/05\/solutions-digital-services-img.jpg\" alt=\"\" class=\"wp-image-14122\" srcset=\"https:\/\/proekspert.com\/wp-content\/uploads\/2024\/05\/solutions-digital-services-img.jpg 600w, https:\/\/proekspert.com\/wp-content\/uploads\/2024\/05\/solutions-digital-services-img-300x200.jpg 300w\" sizes=\"(max-width: 600px) 100vw, 600px\" \/><\/figure>\n<\/div>\n\n\n\n<div class=\"wp-block-column is-layout-flow wp-block-column-is-layout-flow\" style=\"flex-basis:66.66%\">\n<h2 class=\"wp-block-heading\">Digitale Dienste<\/h2>\n\n\n\n<p class=\"size18\">Proekspert entwickelt Sicherheitsl\u00f6sungen zum Schutz der Software von Industrieger\u00e4ten und -maschinen vor Cyberbedrohungen. Wir verf\u00fcgen \u00fcber mehr als 20 Jahre Erfahrung in der sicheren Integration von Zahlungsterminals f\u00fcr den Backend-Service von Banken.<\/p>\n\n\n\n<p class=\"content-arrow-link\"><a href=\"https:\/\/proekspert.com\/selfservice-and-internal-power-user-tools\/\">Mehr \u00fcber unsere L\u00f6sungen<\/a><br>(Bitte beachten Sie, dass Sie von dieser Seite auf unsere englischsprachige Seite weitergeleitet werden.)<\/p>\n<\/div>\n<\/div>\n\n\n\n<div style=\"height:75px\" aria-hidden=\"true\" class=\"wp-block-spacer\"><\/div>\n\n\n\n<div class=\"wp-block-columns solutions-columns-reverse is-layout-flex wp-container-core-columns-is-layout-9d6595d7 wp-block-columns-is-layout-flex\">\n<div class=\"wp-block-column is-layout-flow wp-block-column-is-layout-flow\" style=\"flex-basis:66.66%\">\n<h2 class=\"wp-block-heading\">Unsere L\u00f6sungen<\/h2>\n\n\n\n<p class=\"size18\">Proekspert entwickelt Sicherheitsl\u00f6sungen zum Schutz der Software von Industrieger\u00e4ten und -maschinen vor Cyberbedrohungen. Wir verf\u00fcgen \u00fcber mehr als 20 Jahre Erfahrung in der sicheren Integration von Zahlungsterminals f\u00fcr den Backend-Service von Banken.<\/p>\n\n\n\n<p class=\"content-arrow-link\"><a href=\"https:\/\/proekspert.com\/satellite-based-house-roof-detection-and-measurement-solution-thor\/\">Mehr \u00fcber unsere L\u00f6sungen<\/a><br>(Bitte beachten Sie, dass Sie von dieser Seite auf unsere englischsprachige Seite weitergeleitet werden.)<\/p>\n<\/div>\n\n\n\n<div class=\"wp-block-column solutions-columns-img is-layout-flow wp-block-column-is-layout-flow\" style=\"flex-basis:33.33%\">\n<figure class=\"wp-block-image size-full\"><img decoding=\"async\" width=\"600\" height=\"401\" src=\"https:\/\/proekspert.com\/wp-content\/uploads\/2024\/05\/solutions-other-img.jpg\" alt=\"\" class=\"wp-image-14124\" srcset=\"https:\/\/proekspert.com\/wp-content\/uploads\/2024\/05\/solutions-other-img.jpg 600w, https:\/\/proekspert.com\/wp-content\/uploads\/2024\/05\/solutions-other-img-300x201.jpg 300w\" sizes=\"(max-width: 600px) 100vw, 600px\" \/><\/figure>\n<\/div>\n<\/div>\n<\/div><\/div>\n<\/div><\/section>\n\n\n\n<section class=\"wp-block-cgb-section-block\" style=\"background-color:#f3f9ff\"><div class=\"container container__main\">\n<div class=\"wp-block-cgb-section-block left\"><div class=\"container container__main\">\n<div class=\"wp-block-columns is-layout-flex wp-container-core-columns-is-layout-9d6595d7 wp-block-columns-is-layout-flex\">\n<div class=\"wp-block-column is-layout-flow wp-block-column-is-layout-flow\">\n<p class=\"size24\">Warum Proekspert w\u00e4hlen?<\/p>\n\n\n\n<p>Proekspert verf\u00fcgt \u00fcber mehr als 20 Jahre Erfahrung in der Entwicklung eingebetteter industrieller Plattformen und Servicetools. Bei unseren Dienstleistungen f\u00fcr unsere Kunden halten wir uns an die internationale Cybersecurity-Norm IEC 62443. Unsere Ingenieure sind in der Lage, Entwicklungsprozesse und Produkte zu analysieren und m\u00f6gliche Schwachstellen und Cybersicherheitsrisiken zu ermitteln.<\/p>\n<\/div>\n\n\n\n<div class=\"wp-block-column is-layout-flow wp-block-column-is-layout-flow\">\n<figure class=\"wp-block-image size-full\"><img decoding=\"async\" width=\"468\" height=\"270\" src=\"https:\/\/proekspert.com\/wp-content\/uploads\/2024\/02\/iec-62443-compliance-analysis-service-image.jpg\" alt=\"\" class=\"wp-image-13139\" srcset=\"https:\/\/proekspert.com\/wp-content\/uploads\/2024\/02\/iec-62443-compliance-analysis-service-image.jpg 468w, https:\/\/proekspert.com\/wp-content\/uploads\/2024\/02\/iec-62443-compliance-analysis-service-image-300x173.jpg 300w\" sizes=\"(max-width: 468px) 100vw, 468px\" \/><\/figure>\n<\/div>\n<\/div>\n<\/div><\/div>\n<\/div><\/section>\n","protected":false},"excerpt":{"rendered":"","protected":false},"author":4,"featured_media":0,"parent":0,"menu_order":0,"comment_status":"closed","ping_status":"closed","template":"service-page-template2.php","meta":{"_acf_changed":false,"footnotes":""},"class_list":["post-14204","page","type-page","status-publish","hentry"],"acf":[],"_links":{"self":[{"href":"https:\/\/proekspert.com\/de\/wp-json\/wp\/v2\/pages\/14204","targetHints":{"allow":["GET"]}}],"collection":[{"href":"https:\/\/proekspert.com\/de\/wp-json\/wp\/v2\/pages"}],"about":[{"href":"https:\/\/proekspert.com\/de\/wp-json\/wp\/v2\/types\/page"}],"author":[{"embeddable":true,"href":"https:\/\/proekspert.com\/de\/wp-json\/wp\/v2\/users\/4"}],"replies":[{"embeddable":true,"href":"https:\/\/proekspert.com\/de\/wp-json\/wp\/v2\/comments?post=14204"}],"version-history":[{"count":6,"href":"https:\/\/proekspert.com\/de\/wp-json\/wp\/v2\/pages\/14204\/revisions"}],"predecessor-version":[{"id":14289,"href":"https:\/\/proekspert.com\/de\/wp-json\/wp\/v2\/pages\/14204\/revisions\/14289"}],"wp:attachment":[{"href":"https:\/\/proekspert.com\/de\/wp-json\/wp\/v2\/media?parent=14204"}],"curies":[{"name":"wp","href":"https:\/\/api.w.org\/{rel}","templated":true}]}}