{"id":7275,"date":"2020-02-22T10:28:54","date_gmt":"2020-02-22T08:28:54","guid":{"rendered":"https:\/\/proekspert.com\/business-intelligence-and-data-analytics\/"},"modified":"2025-08-27T09:54:15","modified_gmt":"2025-08-27T07:54:15","slug":"business-intelligence-analyse-und-datenanalyse","status":"publish","type":"page","link":"https:\/\/proekspert.com\/de\/business-intelligence-analyse-und-datenanalyse\/","title":{"rendered":"Business-Intelligence-Analyse und Datenanalyse"},"content":{"rendered":"\n<section class=\"wp-block-cgb-section-block home-consultation\"><div class=\"container container__main\">\n<div class=\"wp-block-columns is-layout-flex wp-container-core-columns-is-layout-9d6595d7 wp-block-columns-is-layout-flex\">\n<div class=\"wp-block-column is-layout-flow wp-block-column-is-layout-flow\" style=\"flex-basis:66.66%\">\n<h2 class=\"wp-block-heading\" id=\"jedes-unternehmen-ist-auf-datenanalyse-angewiesen\">Jedes Unternehmen ist auf Datenanalyse angewiesen<\/h2>\n\n\n\n<p>Viele Unternehmen m\u00f6chten die datenzentrierten Transformationen Ihrer Gesch\u00e4ftst\u00e4tigkeit vorantreiben. Den meisten f\u00e4llt es jedoch schwer, die hierzu n\u00f6tigen Zusammenh\u00e4nge herzustellen. Es ist nicht die Technologie, die Unternehmen zur\u00fcckh\u00e4lt, sondern das fehlende Verst\u00e4ndnis daf\u00fcr, wie wichtig es ist, dass sowohl die Menschen als auch die Prozesse und Technologien aufeinander abgestimmt sind. Ohne geeignete Prozesse besteht die Gefahr, dass Menschen ineffektiv entscheiden und die Technologie versagt. <\/p>\n\n\n\n<p>Um bessere Entscheidungen zu treffen, kann jedes Unternehmen auf Daten zur\u00fcckgreifen. Proekspert hilft Ihnen, Ihre Daten in verwertbare und relevante Einblicke zu transformieren.<\/p>\n\n\n\n<div class=\"wp-block-button\"><a class=\"wp-block-button__link has-text-color has-background no-border-radius\" href=\"#section-contact-form-2223\" style=\"background-color:#f37786;color:#ffffff\">Fordern Sie uns heraus!<\/a><\/div>\n<\/div>\n\n\n\n<div class=\"wp-block-column is-layout-flow wp-block-column-is-layout-flow\" style=\"flex-basis:33.33%\">\n<aside class=\"wp-block-cgb-section-block\" style=\"background-color:#f3f7f9\"><div class=\"container container__full\">\n<h4 class=\"wp-block-heading\" id=\"wir-wissen-was-digitale-transformation-bedeutet\">Wir wissen, was digitale Transformation bedeutet<\/h4>\n\n\n\n<ul class=\"blue-bullet wp-block-list\"><li>1,140+ erfolgreiche Projekte<\/li><li>28+ Jahre Erfahrung<\/li><li>200+ Ingenieure und Designer<\/li><li>Zusammenarbeit mit Kunden wie Danfoss, Telia und ESA (Europ\u00e4ische Weltraumorganisation)<\/li><li>Ein international renommiertes Team<\/li><\/ul>\n\n\n\n<p><\/p>\n<\/div><\/aside>\n<\/div>\n<\/div>\n<\/div><\/section>\n\n\n\n<section class=\"wp-block-cgb-section-block\"><div class=\"container container__main\">\n<div class=\"wp-block-cgb-section-block left\"><div class=\"container container__narrow\">\n<p class=\"opacity-0-5\">Wie wir helfen<\/p>\n\n\n\n<h2 class=\"wp-block-heading\" id=\"proekspert-geschaftsanalyse\">Proekspert-Gesch\u00e4ftsanalyse<\/h2>\n\n\n\n<h3 class=\"margin-top-50px wp-block-heading\" id=\"business-intelligence-und-datenanalyse-1\">Business-Intelligence- und Datenanalyse<\/h3>\n\n\n\n<p>Die Business-Intelligence- und Datenanalyse Dienste von Proekspert helfen Ihnen, Daten in verwertbare und relevante Einblicke umzuwandeln. Dies erm\u00f6glicht fundierte strategische Entscheidungen sowie eine verbesserte betriebliche Effizienz und Unternehmensproduktivit\u00e4t.<\/p>\n\n\n\n<div class=\"wp-block-columns is-layout-flex wp-container-core-columns-is-layout-9d6595d7 wp-block-columns-is-layout-flex\">\n<div class=\"wp-block-column is-layout-flow wp-block-column-is-layout-flow\">\n<ul class=\"darkpink-bullet wp-block-list\"><li>Definition der gesch\u00e4ftlichen Anforderungen und Ziele<\/li><li>Datenvisualisierung und Dashboards<\/li><li>Implementierung von BI-Tools und -Methoden<\/li><\/ul>\n<\/div>\n\n\n\n<div class=\"wp-block-column is-layout-flow wp-block-column-is-layout-flow\">\n<ul class=\"darkpink-bullet wp-block-list\"><li>Deskriptive und pr\u00e4diktive Analyse<\/li><li>Beratung zur Datenkompetenz<\/li><li>Wissensentdeckung<\/li><\/ul>\n<\/div>\n<\/div>\n\n\n\n<h3 class=\"margin-top-50px wp-block-heading\" id=\"business-intelligence-und-datenanalyse-1\">Erweiterte Analyse und maschinelles Lernen<\/h3>\n\n\n\n<p>Mit der erweiterten Analyse stellen wir Daten auf neuartige Weise zusammen und finden Muster, die ein Mensch niemals erkennen w\u00fcrde. Auf diese Weise k\u00f6nnen Sie Muster, die m\u00f6glicherweise gerade ausgeblendet sind, abbilden und erkennen.<\/p>\n\n\n\n<div class=\"wp-block-columns is-layout-flex wp-container-core-columns-is-layout-9d6595d7 wp-block-columns-is-layout-flex\">\n<div class=\"wp-block-column is-layout-flow wp-block-column-is-layout-flow\">\n<ul class=\"darkpink-bullet wp-block-list\"><li>Schnelle Validierung und Durchf\u00fchrbarkeitsbewertung<\/li><li>Angewandte Forschung und Entwicklung<\/li><li>Entwicklung von Algorithmen<\/li><\/ul>\n<\/div>\n\n\n\n<div class=\"wp-block-column is-layout-flow wp-block-column-is-layout-flow\">\n<ul class=\"darkpink-bullet wp-block-list\"><li>Datenmodellierung<\/li><li>Erweiterte Gesch\u00e4ftsanalyse und Berichterstellung<\/li><\/ul>\n<\/div>\n<\/div>\n\n\n\n<h3 class=\"margin-top-50px wp-block-heading\" id=\"business-intelligence-und-datenanalyse-1\">Dateninfrastruktur<\/h3>\n\n\n\n<p>Wir helfen Ihnen, Daten so zu verwalten, verarbeiten, speichern, \u00fcbertragen und sichern, dass Ihr Unternehmen einen echten Nutzen daraus ziehen kann. Dies ist der wesentliche Aspekt der Datenverarbeitung und -analyse.<\/p>\n\n\n\n<div class=\"wp-block-columns is-layout-flex wp-container-core-columns-is-layout-9d6595d7 wp-block-columns-is-layout-flex\">\n<div class=\"wp-block-column is-layout-flow wp-block-column-is-layout-flow\">\n<ul class=\"darkpink-bullet wp-block-list\"><li>Architektur und Entwicklung von Data-Warehouses<\/li><li>Datenverwaltung und -qualit\u00e4t<\/li><li>Leistungsoptimierung und Wartung<\/li><li>Datenbeschaffung und -aufbereitung<\/li><\/ul>\n<\/div>\n\n\n\n<div class=\"wp-block-column is-layout-flow wp-block-column-is-layout-flow\">\n<ul class=\"darkpink-bullet wp-block-list\"><li>Hohe Verf\u00fcgbarkeit, Datensicherung und Notfallwiederherstellung<\/li><li>Datenbereinigung und -transformation<\/li><li>Datenkonvertierungen, Upgrades und Migrationen<\/li><\/ul>\n<\/div>\n<\/div>\n\n\n\n<h3 class=\"margin-top-50px wp-block-heading\" id=\"business-intelligence-und-datenanalyse-1\">Modernisierung von Business-Intelligence (BI) und Data-Warehouse-L\u00f6sungen<\/h3>\n\n\n\n<p>Durch Migrationen von Data-Warehouses (DWH) in neue cloudbasierte BI- und Data-Warehouse-L\u00f6sungen helfen wir Ihnen, steigenden Gesch\u00e4ftsanforderungen gerecht zu werden, indem wir fr\u00fchere Investitionen in Data-Warehouse-Inhalte und Ihre Legacy-Installationen wiederverwenden.<\/p>\n\n\n\n<div class=\"wp-block-columns is-layout-flex wp-container-core-columns-is-layout-9d6595d7 wp-block-columns-is-layout-flex\">\n<div class=\"wp-block-column is-layout-flow wp-block-column-is-layout-flow\">\n<ul class=\"darkpink-bullet wp-block-list\"><li>Bereitstellung von hybriden DWH-Architekturen f\u00fcr Unternehmen<\/li><li>Selbsbedienungs-BI- und Datenaufbereitungsl\u00f6sungen<\/li><\/ul>\n<\/div>\n\n\n\n<div class=\"wp-block-column is-layout-flow wp-block-column-is-layout-flow\">\n<ul class=\"darkpink-bullet wp-block-list\"><li>Erweiterung der BI-Umgebung um Analyse-Sandboxes oder datenwissenschaftliche Funktionalit\u00e4ten<\/li><li>Beseitigung von Datenschatten in IT-Systemen<\/li><\/ul>\n<\/div>\n<\/div>\n<\/div><\/div>\n<\/div><\/section>\n\n\n\n<div style=\"height:30px\" aria-hidden=\"true\" class=\"wp-block-spacer visible-xs\"><\/div>\n\n\n\n<section class=\"wp-block-cgb-section-block home-how-help\"><div class=\"container container__main\">\n<header class=\"wp-block-cgb-section-block left\"><div class=\"container container__narrow\">\n<h2 class=\"has-text-align-left wp-block-heading\" id=\"wie-wir-arbeiten\">Der Technologie-Stack von Proexpert f\u00fcr BI- und Datenanalysedienste<\/h2>\n\n\n\n<p>Das BI-Team von Proekspert ist ein interdisziplin\u00e4res Team, dessen Leidenschaft das Entwickeln von BI-L\u00f6sungen ist. Den Fokus legen die Entwickler des Teams auf moderne Cloud-Technologien, ihre Erfahrung umfasst jedoch auch die Entwicklung von Vor-Ort-L\u00f6sungen mit MS und Oracle, Azure, AWS, Databricks, Snowflake, dbt, DataOps, Data Vault und nat\u00fcrlich mit branchen\u00fcblichen Front-End-Tools wie Power BI und Tableau.<\/p>\n<\/div><\/header>\n<\/div><\/section>\n\n\n\n<section class=\"wp-block-cgb-section-block home-how-help\"><div class=\"container container__main\">\n<header class=\"wp-block-cgb-section-block left\"><div class=\"container container__narrow\">\n<h2 class=\"has-text-align-left wp-block-heading\" id=\"wie-wir-arbeiten\">Wie wir arbeiten<\/h2>\n\n\n\n<p>Die erweiterten Datenanalysen und Business-Intelligence Dienste von Proekspert haben ein gemeinsames Ziel: sichere Entscheidungen auf allen Ebenen Ihres Unternehmens.<\/p>\n\n\n\n<p>Wir helfen Ihnen, die Business-Intelligence-Ziele und -Visionen Ihres Unternehmens zu identifizieren, f\u00fchren eine Voraussetzungsbewertung durch und legen die n\u00e4chsten Schritte fest, damit Sie zuversichtlich in die Zukunft schreiten k\u00f6nnen. <\/p>\n<\/div><\/header>\n\n\n\n<div class=\"wp-block-columns is-layout-flex wp-container-core-columns-is-layout-9d6595d7 wp-block-columns-is-layout-flex\">\n<div class=\"wp-block-column is-layout-flow wp-block-column-is-layout-flow\" style=\"flex-basis:50%\">\n<h3 class=\"size24 wp-block-heading\" id=\"klarung-von-geschaftsanforderungen\">Kl\u00e4rung von Gesch\u00e4ftsanforderungen<\/h3>\n\n\n\n<p>Gemeinsam beurteilen wir Ihre BI-Strukturen und -Prozesse. So erhalten Sie ein realistisches Bild davon, was BI leisten kann. Das Projekt wird nur dann in Angriff genommen, wenn sich ein echter Gesch\u00e4ftsnutzen generieren l\u00e4sst.<\/p>\n<\/div>\n\n\n\n<div class=\"wp-block-column is-layout-flow wp-block-column-is-layout-flow\" style=\"flex-basis:50%\">\n<h3 class=\"size24 wp-block-heading\" id=\"technologiebewertung\">Technologiebewertung<\/h3>\n\n\n\n<p>Auf der Grundlage Ihrer Voraussetzungen bewerten wir den aktuellen Stand Ihrer BI-L\u00f6sungen und geben eine unvoreingenommene Empfehlung f\u00fcr ein optimales Toolset. Dies schafft mehr Vertrauen in zuk\u00fcnftige BI-Investitionen.<\/p>\n<\/div>\n<\/div>\n\n\n\n<div class=\"wp-block-columns is-layout-flex wp-container-core-columns-is-layout-9d6595d7 wp-block-columns-is-layout-flex\">\n<div class=\"wp-block-column is-layout-flow wp-block-column-is-layout-flow\" style=\"flex-basis:50%\">\n<h3 class=\"size24 wp-block-heading\" id=\"implementierungsstrategie\">Implementierungsstrategie<\/h3>\n\n\n\n<p>Wir definieren klare Rollen und Verantwortlichkeiten sowie einen Fahrplan zur nachhaltigen Implementierung. Hierdurch wird eine schnellere Wertsch\u00f6pfung, eine flexible Anpassung an gesch\u00e4ftliche Ver\u00e4nderungen und eine erh\u00f6hte Datenkompetenz in Ihrem Unternehmen erm\u00f6glicht.<\/p>\n<\/div>\n\n\n\n<div class=\"wp-block-column is-layout-flow wp-block-column-is-layout-flow\" style=\"flex-basis:50%\">\n<h3 class=\"size24 wp-block-heading\" id=\"inkrementelle-wertschopfung\">Inkrementelle Wertsch\u00f6pfung<\/h3>\n\n\n\n<p>Wir verwenden Rapid Prototyping. Mit Blick auf eine schnelle Wertsch\u00f6pfung bauen wir schrittweise ein Datenmanagement- und Analyse-\u00d6kosystem auf, das auf sich schnell \u00e4ndernde Gesch\u00e4fts- und Datenanforderungen reagieren kann.<\/p>\n<\/div>\n<\/div>\n<\/div><\/section>\n\n\n\n<section class=\"wp-block-cgb-section-block\" style=\"background-color:#fff0f2\"><div class=\"container container__main\">\n<div class=\"wp-block-cgb-section-block left\"><div class=\"container container__narrow\">\n<h2 class=\"wp-block-heading\" id=\"business-intelligence-analyse-und-datenanalyse\">Business-Intelligence-Analyse und Datenanalyse<\/h2>\n\n\n\n<p>Sowohl die Business-Intelligence-Analyse als auch die Datenanalyse sind Datenmanagement L\u00f6sungen. Unternehmen und Firmen sammeln vergangene und aktuelle Daten und verwenden Statistiken und Software, um die gesammelten Rohdaten zu analysieren.<\/p>\n\n\n\n<p>Die Rohdaten k\u00f6nnen dann verwendet werden um Erkenntnisse f\u00fcr die Erstellung von Business-Intelligence-L\u00f6sungen zu liefern, damit in Zukunft bessere Entscheidungen getroffen werden k\u00f6nnen.<\/p>\n\n\n\n<p>Beide Begriffe stehen f\u00fcr die Vermittlung von anschaulichen Einblicken in die betrieblichen Abl\u00e4ufe eines Unternehmens. Auch wenn beide Analysen zuk\u00fcnftige Entscheidungen beeinflussen, unterscheiden sie sich in der Art und Weise, wie die ermittelten Daten verwendet werden und welche genauen Informationen sie einem Unternehmen liefern. <\/p>\n\n\n\n<p>Die Business-Intelligence-Analyse befasst sich mit dem, was in der Vergangenheit passiert ist und wie das Vergangene zu dem gef\u00fchrt hat, was in der Gegenwart vorliegt. Sie identifiziert also signifikante Muster und Trends, ohne sich allzu sehr mit dem Warum zu befassen oder die Zukunft vorherzusagen. <\/p>\n\n\n\n<p>Die Gesch\u00e4ftsdaten Analyse besch\u00e4ftigt sich mit dem Warum, d.h. warum die in der Vergangenheit erhaltenen Daten so sind, wie sie vorliegen. Sie untersucht also die Kausalit\u00e4t der Daten und die Faktoren, die zu den erhaltenen Daten beigetragen haben. Die Analyse greift auf dieses Warum zur\u00fcck, um pr\u00e4zise Vorhersagen dar\u00fcber zu treffen, was in Zukunft passieren wird.<\/p>\n\n\n\n<h3 class=\"size30 margin-top-0 wp-block-heading\" id=\"das-potenzial-der-geschaftsdatenanalyse\">Das Potenzial der Gesch\u00e4ftsdatenanalyse<\/h3>\n\n\n\n<p>Die Gesch\u00e4ftsdaten Analyse ist eine Methode, die auf bestimmte Techniken, Kompetenzen und Verfahren zur\u00fcckgreift. Die Anwendung dieser Techniken, Kompetenzen und Verfahren erm\u00f6glicht eine kontinuierliche Erkundung, Wiederholung und Untersuchung vergangener und aktueller Gesch\u00e4ftsdaten Analysen. Unternehmen jeder Gr\u00f6\u00dfe k\u00f6nnen durch die Gewinnung von Erkenntnissen bessere Entscheidungen treffen. <\/p>\n\n\n\n<p>Data-Science Experten und Analysten verwenden zu Forschungszwecken Business-Intelligence-Analysetechniken und erstellen f\u00fcr Unternehmen Business-Intelligence-L\u00f6sungen.\nBusiness-Intelligence-Analysen helfen Unternehmen, ihre Kunden besser zu verstehen, ihre Werbe- und Marketingkampagnen zu evaluieren, ihre Inhalte anzupassen, Markenstrategien zu entwickeln und umsatzorientierte Produkte zu entwickeln.<\/p>\n<\/div><\/div>\n<\/div><\/section>\n\n\n<section class=\"wp-block-cgb-section-block contact-form left\" id=\"section-contact-form-2223\"><div class=\"container container__main\"><div class=\"contact-form-column\"><div class=\"row\"><div class=\"col-md-8 contact-form-form-column\"><h2>Wir verf\u00fcgen \u00fcber jahrzehntelange Erfahrung in unserem Bereich<br \/>Fordern Sie uns heraus!<\/h2><div class=\"lb-eventbox-content\"><div class=\"lb-form\"><p>Beschreiben Sie uns Ihre BI-Pl\u00e4ne oder eine Herausforderung, mit der Sie konfrontiert sind. Wir werden Ihnen den Weg zu neuen Erkenntnissen er\u00f6ffnen. Gemeinsam mit Ihnen verschaffen wir uns ein klares Bild davon, was erforderlich ist, um eine sichere Entscheidungsfindung in allen Rollen Ihres Unternehmens zu gew\u00e4hrleisten.<\/p><form class=\"lb-reg-form\" data-require-business-mail=\"true\"><input type=\"hidden\" name=\"id\" value=\"2223\"><input type=\"hidden\" name=\"url\" id=\"url\" value=\"https:\/\/proekspert.com\/de\/wp-json\/wp\/v2\/pages\/7275\/\"><input type=\"hidden\" name=\"cid\" id=\"cid\" value=\"\"><input type=\"hidden\" name=\"gaid\" id=\"gaid\" value=\"\"><div class=\"form-fields\"><div class=\"form-group form-group--name\"><label for=\"2223_name\">Vor- und Zuname <span class=\"required-dot\">*<\/span><\/label><input type=\"text\" name=\"name\" id=\"2223_name\" required><\/div><div class=\"form-group form-group--company\"><label for=\"2223_company\">Unternehmen <span class=\"required-dot\">*<\/span><\/label><input type=\"text\" name=\"company\" id=\"2223_company\" required><\/div><div class=\"form-group form-group--email\"><label for=\"2223_email\">E-mail <span class=\"required-dot\">*<\/span><\/label><input type=\"text\" name=\"email\" id=\"2223_email\" required><\/div><div class=\"form-group form-group--phone\"><label for=\"2223_phone\">Telefon <span class=\"required-dot\">*<\/span><\/label><input type=\"text\" name=\"phone\" id=\"2223_phone\" required><\/div><div class=\"form-group form-group--message\"><label for=\"2223_message\">Ihre Nachricht <span class=\"required-dot\">*<\/span><\/label><textarea name=\"message\" id=\"2223_message\" required><\/textarea><\/div><\/div><div class=\"lb-error\"><p>Bitte f\u00fcllen Sie alle Pflichtfelder (mit * gekennzeichnet) aus.<\/p><\/div><div class=\"lb-submit\"><button class=\"wp-block-button__link\">Nachricht senden<\/button><svg class=\"contact-form-loader\" width=\"38\" height=\"38\" viewBox=\"0 0 38 38\" xmlns=\"http:\/\/www.w3.org\/2000\/svg\" stroke=\"#3890E4\"><g fill=\"none\" fill-rule=\"evenodd\"><g transform=\"translate(1 1)\" stroke-width=\"2\"><circle stroke-opacity=\".5\" cx=\"18\" cy=\"18\" r=\"18\"\/><path d=\"M36 18c0-9.94-8.06-18-18-18\"><animateTransform attributeName=\"transform\" type=\"rotate\" from=\"0 18 18\" to=\"360 18 18\" dur=\"1s\" repeatCount=\"indefinite\"\/><\/path><\/g><\/g><\/svg><\/div><div class=\"lb-recaptcha-branding\"><p>Diese Website ist durch reCAPTCHA gesch\u00fctzt und es gelten die <a href=\"https:\/\/policies.google.com\/privacy\" target=\"_blank\">Datenschutzbestimmungen<\/a> und <a href=\"https:\/\/policies.google.com\/terms\" target=\"_blank\">Nutzungsbedingungen<\/a> von Google.<\/p><\/div><\/form><\/div><div class=\"lb-success\"><div class=\"success-icon\"><svg width=\"65\" height=\"51\" viewBox=\"0 0 65 51\" fill=\"none\" xmlns=\"http:\/\/www.w3.org\/2000\/svg\"><path d=\"M4 25.3396L21.7662 43L61 4\" stroke=\"#1AD14C\" stroke-width=\"10\"\/><\/svg><\/div><h2>Thank You!<\/h2><p>Ihre Nachricht wurde gesendet. Unser Team wird sich so schnell wie m\u00f6glich bei Ihnen melden!<\/p><button class=\"wp-block-button__link js-send-more\">Send One More<\/button><\/div><\/div><\/div><div class=\"contact-form-person-column col-md-4\"><div class=\"contact-person-item\"><\/div><\/div><\/div><\/div><\/div><\/section><script>!function(){window.addEventListener(\"load\",function(){!function(){try{var t,e,n=ga.getAll();for(t=0,e=n.length;t<e;t+=1)if(\"UA-151528475-1\"===n[t].get(\"trackingId\")){var d=n[t].get(\"clientId\");return document.getElementById(\"gaid\")&&\"string\"==typeof d&&document.getElementById(\"gaid\").setAttribute(\"value\",d),n[t].get(\"clientId\")}}catch(t){}}()})}();<\/script>\n","protected":false},"excerpt":{"rendered":"<p>Any business can use data to make better decisions. Proekspert helps transform your data into actionable and relevant insight.<\/p>\n","protected":false},"author":10,"featured_media":6745,"parent":0,"menu_order":0,"comment_status":"closed","ping_status":"closed","template":"service-page-template.php","meta":{"_acf_changed":false,"footnotes":""},"class_list":["post-7275","page","type-page","status-publish","has-post-thumbnail","hentry"],"acf":[],"_links":{"self":[{"href":"https:\/\/proekspert.com\/de\/wp-json\/wp\/v2\/pages\/7275","targetHints":{"allow":["GET"]}}],"collection":[{"href":"https:\/\/proekspert.com\/de\/wp-json\/wp\/v2\/pages"}],"about":[{"href":"https:\/\/proekspert.com\/de\/wp-json\/wp\/v2\/types\/page"}],"author":[{"embeddable":true,"href":"https:\/\/proekspert.com\/de\/wp-json\/wp\/v2\/users\/10"}],"replies":[{"embeddable":true,"href":"https:\/\/proekspert.com\/de\/wp-json\/wp\/v2\/comments?post=7275"}],"version-history":[{"count":17,"href":"https:\/\/proekspert.com\/de\/wp-json\/wp\/v2\/pages\/7275\/revisions"}],"predecessor-version":[{"id":8622,"href":"https:\/\/proekspert.com\/de\/wp-json\/wp\/v2\/pages\/7275\/revisions\/8622"}],"wp:featuredmedia":[{"embeddable":true,"href":"https:\/\/proekspert.com\/de\/wp-json\/wp\/v2\/media\/6745"}],"wp:attachment":[{"href":"https:\/\/proekspert.com\/de\/wp-json\/wp\/v2\/media?parent=7275"}],"curies":[{"name":"wp","href":"https:\/\/api.w.org\/{rel}","templated":true}]}}