{"id":7281,"date":"2021-07-05T13:04:47","date_gmt":"2021-07-05T11:04:47","guid":{"rendered":"https:\/\/proekspert.com\/smart-products-and-embedded-solutions\/"},"modified":"2021-11-10T17:57:14","modified_gmt":"2021-11-10T15:57:14","slug":"smarte-produkte-und-eingebettete-losungen","status":"publish","type":"page","link":"https:\/\/proekspert.com\/de\/smarte-produkte-und-eingebettete-losungen\/","title":{"rendered":"Smarte Produkte und eingebettete L\u00f6sungen"},"content":{"rendered":"\n<section class=\"wp-block-cgb-section-block home-consultation\"><div class=\"container container__main\">\n<div class=\"wp-block-columns is-layout-flex wp-container-core-columns-is-layout-9d6595d7 wp-block-columns-is-layout-flex\">\n<div class=\"wp-block-column is-layout-flow wp-block-column-is-layout-flow\" style=\"flex-basis:66.66%\">\n<h2 class=\"wp-block-heading\">Ein smartes, vernetztes Produkt ist heute kein Wettbewerbsvorteil mehr<\/h2>\n\n\n\n<p>Vernetzt oder smart zu sein, beeindruckt heutzutage niemanden mehr auf dem Markt. Die Produkterfahrungen, die die Kunden besonders sch\u00e4tzen, k\u00f6nnen ganz unterschiedlicher Art sein, was jedoch alle Kunden in zunehmenden Ma\u00dfe von den Produkten erwarten, ist eine perfekte Integration von digitalen und physischen Komponenten. Veraltete Firmware oder fehlerhafte Software k\u00f6nnen das Kundenerlebnis beeintr\u00e4chtigen, unabh\u00e4ngig davon, welche individuellen Erwartungen der einzelne Benutzer hat.<\/p>\n\n\n\n<h3 class=\"wp-block-heading\">Verschwenden Sie keine Zeit, die Technologie neu zu erfinden: Konzentrieren Sie sich mit Ihrem Team auf den Gesch\u00e4ftsnutzen<\/h3>\n\n\n\n<p>Proekspert hilft Produktunternehmen, \u00fcberfl\u00fcssige Kosten zu vermeiden, indem es versucht, technologische L\u00f6sungen weiterzuentwickeln, die bereits erfolgreich erprobt wurden oder sich bisher noch nicht bew\u00e4hrt haben. Proekspert hat f\u00fcr mehrere globale Erstausr\u00fcster <\/p>\n\n\n\n<p>Produktentwicklungsprojekte der n\u00e4chsten Generation durchgef\u00fchrt. Als erfahrener Partner f\u00fcr die Entwicklung smarter und vernetzter Produkte stellen wir Ihnen Bibliotheken und Referenzarchitekturen zur Verf\u00fcgung, die bereits vorentwickelt und einsatzbereit sind und einen einfachen Weg in Richtung Skalierbarkeit und Sicherheit bieten. <\/p>\n\n\n\n<p>Unsere Ingenieure erm\u00f6glichen Ihnen einen schnelleren \u00dcbergang zu einer skalierten, intelligenten und vernetzten Produktentwicklung, was zu einer verbesserten Produktivit\u00e4t, geringeren Gesamtlebenskosten und k\u00fcrzeren Markteinf\u00fchrungszeiten f\u00fchrt. <\/p>\n\n\n\n<p>Dabei halten wir Ihnen den R\u00fccken frei, damit Sie den Fokus ganz auf Ihr Kerngesch\u00e4ft und die besonderen Eigenschaften ihrer Produkte richten k\u00f6nnen.<\/p>\n\n\n\n<div class=\"wp-block-button\"><a class=\"wp-block-button__link has-text-color has-background no-border-radius\" href=\"#section-contact-form-2184\" style=\"background-color:#325820;color:#ffffff\">Fordern Sie uns heraus!<\/a><\/div>\n<\/div>\n\n\n\n<div class=\"wp-block-column is-layout-flow wp-block-column-is-layout-flow\" style=\"flex-basis:33.33%\">\n<aside class=\"wp-block-cgb-section-block smart-products\" style=\"background-color:#f3f7f9\"><div class=\"container container__full\">\n<h4 class=\"wp-block-heading\">Vorteile durch smarte Produkte und eingebettete L\u00f6sungen<\/h4>\n\n\n\n<ul class=\"dark-green-bullet wp-block-list\"><li>Einf\u00fchrungen in k\u00fcrzerer Zeit<\/li><li>Lancieren von neuen Features und Funktionen nach der Markteinf\u00fchrung<\/li><li>Over-the-Air-Upgrades von Firmware<\/li><li>Geringere Gesamtlebenskosten<\/li><li>Ein besseres Verst\u00e4ndnis der neuen Wertsch\u00f6pfungsm\u00f6glichkeiten von Produkten der n\u00e4chsten Generation<\/li><li>H\u00f6here Produktivit\u00e4t<\/li><li>K\u00fcrzere Innovationszyklen<\/li><li>Skalierbarkeit<\/li><li>Sicherheit<\/li><li>Nachhaltigkeit<\/li><\/ul>\n\n\n\n<p><\/p>\n<\/div><\/aside>\n<\/div>\n<\/div>\n<\/div><\/section>\n\n\n\n<section class=\"wp-block-cgb-section-block smart-products-colored-section-title\"><div class=\"container container__main\">\n<div class=\"wp-block-cgb-section-block left\"><div class=\"container container__narrow\">\n<p>Wie wir Ihnen helfen<\/p>\n\n\n\n<h2 class=\"has-text-align-left wp-block-heading\">Proekspert schlie\u00dft die L\u00fccke zwischen dem Digitalen und dem Physischen<\/h2>\n\n\n\n<p>Wir helfen Produktunternehmen, smarte Ger\u00e4te zu entwickeln, diese mit der Cloud zu verbinden, und n\u00fctzliche Dienste zu schaffen, die den Kunden auch weiterhin \u00fcberzeugen. Wir helfen Anbietern von physischen Produkten, Ums\u00e4tze aus Hardwareverk\u00e4ufen durch Einnahmen aus wiederholbaren, auf die optimierte Benutzererfahrung ausgerichteten Diensten zu steigern. <\/p>\n\n\n\n<p>Die intelligenten Produkte und eingebetteten L\u00f6sungen von Proekspert erm\u00f6glichen es Unternehmen \u2013 auch nachdem ein Ger\u00e4t bereits im Feld eingesetzt wurde \u2013 einem Produkt neue Softwarefunktionen hinzuzuf\u00fcgen und so die Funktionalit\u00e4t im Laufe der Zeit zu verbessern. Sie werden in der Lage sein, schnell auf Bugs und Sicherheitsl\u00fccken zu reagieren, ohne dass physische Eingriffe an den Ger\u00e4ten oder Ger\u00e4ter\u00fcckrufe erforderlich sind. Sie werden au\u00dferdem Online-Tools zur Verf\u00fcgung stellen k\u00f6nnen, mit denen sich neue Versionen der Ger\u00e4tefirmware lancieren und nahtlos integrieren lassen, wodurch Innovationszyklen erheblich beschleunigt werden.<\/p>\n<\/div><\/div>\n<\/div><\/section>\n\n\n\n<section class=\"wp-block-cgb-section-block smart-products-colored-section\"><div class=\"container container__main\">\n<div class=\"wp-block-columns is-layout-flex wp-container-core-columns-is-layout-9d6595d7 wp-block-columns-is-layout-flex\">\n<div class=\"wp-block-column is-layout-flow wp-block-column-is-layout-flow\">\n<h3 class=\"wp-block-heading\">Entwicklung smarter, vernetzter Ger\u00e4te<\/h3>\n\n\n\n<p class=\"color-black\">Schaffen Sie die Grundlage f\u00fcr die n\u00e4chste Generation intelligenter vernetzter IoT-Ger\u00e4te.<\/p>\n\n\n\n<ul class=\"circular-bullet-green wp-block-list\"><li>Eigenst\u00e4ndige und modulare \u00dcberwachungs- und Steuerungssysteme.<\/li><li>Kabelgebundene oder kabellose Netzwerkkonnektivit\u00e4t von Anwendungen und Ger\u00e4ten, damit die Ger\u00e4te in einem Netzwerk bzw. als Netzwerk verwendet werden k\u00f6nnen.<\/li><li>Verwendung von Sensordaten zur Erkennung von Mustern und zur Anpassung von Edge-Ger\u00e4ten und -Anwendungen an neue Gegebenheiten.<\/li><li>Upgrades und Erweiterungen f\u00fcr eingebettete Ger\u00e4te-Firmware (sowie Entwicklung von unterst\u00fctzenden Tools).<\/li><\/ul>\n\n\n\n<p><strong>Fallstudie:<\/strong> Steuerung von Frequenzumrichtern in Echtzeit<\/p>\n\n\n\n<p class=\"arrow-link-green\"><a href=\"https:\/\/proekspert.com\/case-studies\/smart-devices\/scalable-platform-for-frequency-converters\/\" data-type=\"case-study\">Fallstudie lesen:<\/a><\/p>\n\n\n\n<p><\/p>\n<\/div>\n\n\n\n<div class=\"wp-block-column is-layout-flow wp-block-column-is-layout-flow\">\n<h3 class=\"wp-block-heading\">Ger\u00e4te mit der Cloud verbinden<\/h3>\n\n\n\n<p>Ger\u00e4te mit Fernzugriff, die von jedem Ort aus gesteuert werden k\u00f6nnen, wodurch Ressourcen<br>eingespart werden, die f\u00fcr Wartung und Betrieb vorgesehen sind.<\/p>\n\n\n\n<ul class=\"circular-bullet-light-green wp-block-list\"><li>Online-Aktivierung und -Bereitstellung Ihrer Ger\u00e4te rund um die Uhr: Zugriff und Steuerung von \u00fcberall aus \u00fcber die Cloud. Bedienung, Verwaltung und Konfiguration der Ger\u00e4te im Online-Modus.<\/li><li>Betriebliche Einblicke und reale Diagnosedaten zur Verbesserung bereits vorhandener Ger\u00e4te und zur Vorbereitung auf Produkte der n\u00e4chsten Generation.<\/li><li>Online-Tools f\u00fcr das Fern-Upgrade von Ger\u00e4te-Firmware. (Erh\u00f6hen Sie schrittweise und effizient die Produktqualit\u00e4t.)<\/li><li>Vorausschauende Wartung und Zustands\u00fcberwachung, damit rechtzeitig relevante Informationen \u00fcber den Wartungsbedarf bereitstehen.<\/li><\/ul>\n\n\n\n<p><strong>Fallstudie:<\/strong> Cloud-Migration f\u00fcr einen globalen Partner<\/p>\n\n\n\n<p class=\"arrow-link-light-green\"><a href=\"https:\/\/proekspert.com\/case-studies\/cloud-transformation\/cloud-migration-and-cx-modernization\/\" data-type=\"case-study\">Fallstudie lesen:<\/a><\/p>\n<\/div>\n\n\n\n<div class=\"wp-block-column is-layout-flow wp-block-column-is-layout-flow\">\n<h3 class=\"wp-block-heading\">Steigern Sie den Kundennutzen von Diensten<\/h3>\n\n\n\n<p class=\"color-black\">Stellen Sie wertvolle Dienste bereit, die auf Konnektivit\u00e4t basieren und den Kunden zugutekommen w\u00fcrden. Nutzen Sie die Ihnen zur Verf\u00fcgung stehenden Daten f\u00fcr die weitere Entwicklung von Funktionen, k\u00fcnftige Produktiterationen und personalisierte Benutzererfahrungen.<\/p>\n\n\n\n<ul class=\"circular-bullet-light-green wp-block-list\"><li>Durch Automatisierung und Personalisierung (Next-Service-to-Buy-Vorschlagsmodell) werden die Kunden zum Kauf von Add-Ons motiviert.<\/li><li>Erh\u00f6hen Sie die Kaufbereitschaft Ihrer Kunden durch die M\u00f6glichkeit, Dienste und Ger\u00e4te mit intuitiven Endbenutzer- und Verwaltungsschnittstellen zu konfigurieren.<\/li><li>Digitalisieren Sie sich wiederholende Aufgaben und Prozesse, um Zeit zu sparen.<\/li><li>Gewinnen Sie ein besseres Verst\u00e4ndnis der neuen Wertsch\u00f6pfungsm\u00f6glichkeiten bei Ihren Produkten der n\u00e4chsten Generation.<\/li><\/ul>\n\n\n\n<p><strong>Fallstudie<\/strong>: Modernisierung von CX f\u00fcr einen globalen Partner<\/p>\n\n\n\n<p class=\"arrow-link-light-green\"><a href=\"https:\/\/proekspert.com\/case-studies\/cloud-transformation\/cloud-migration-and-cx-modernization\/\" data-type=\"case-study\">Fallstudie lesen:<\/a><\/p>\n<\/div>\n<\/div>\n<\/div><\/section>\n\n\n\n<section class=\"wp-block-cgb-section-block home-how-help\"><div class=\"container container__main\">\n<header class=\"wp-block-cgb-section-block\"><div class=\"container container__narrow\"><\/div><\/header>\n\n\n\n<h2 class=\"wp-block-heading\">Warum Proekspert zum Partner w\u00e4hlen?<\/h2>\n\n\n\n<div class=\"wp-block-columns is-layout-flex wp-container-core-columns-is-layout-9d6595d7 wp-block-columns-is-layout-flex\">\n<div class=\"wp-block-column is-layout-flow wp-block-column-is-layout-flow\">\n<h3 class=\"wp-block-heading\">Nicht zu gro\u00df, nicht zu klein<\/h3>\n\n\n\n<p>Wir sind gro\u00df genug, um \u00fcber solide Erfahrung mit globalen Unternehmen zu verf\u00fcgen, aber auch klein genug, um ein hervorragendes Kundenerlebnis zu bieten.<\/p>\n<\/div>\n\n\n\n<div class=\"wp-block-column is-layout-flow wp-block-column-is-layout-flow\">\n<h3 class=\"wp-block-heading\">Ganzheitliche Produktentwicklung und Wertsch\u00f6pfung<\/h3>\n\n\n\n<p class=\"links-with-border\">Wir haben Erfahrung mit dem gesamten Entwicklungszyklus \u2013 von eingebetteten Systemen bis hin zur Bereitstellung \u00fcberzeugender digitaler Add-on-Dienste. Dies hilft Ihnen, Zeit und Geld zu sparen.<\/p>\n<\/div>\n\n\n\n<div class=\"wp-block-column is-layout-flow wp-block-column-is-layout-flow\">\n<h3 class=\"wp-block-heading\">Wir genie\u00dfen das Vertrauen von globalen Erstausr\u00fcstern (OEMs)<\/h3>\n\n\n\n<p class=\"links-with-border\">Proekspert hat f\u00fcr mehrere globale OEMs wie Danfoss, Stiebel Eltron Group und Alliance Produktentwicklungsprojekte der n\u00e4chsten Generation durchgef\u00fchrt.<\/p>\n<\/div>\n<\/div>\n<\/div><\/section>\n\n\n\n<div style=\"height:30px\" aria-hidden=\"true\" class=\"wp-block-spacer visible-xs\"><\/div>\n\n\n<section class=\"wp-block-cgb-section-block contact-form left\" id=\"section-contact-form-2184\"><div class=\"container container__main\"><div class=\"contact-form-column\"><div class=\"row\"><div class=\"col-md-8 contact-form-form-column\"><h2>Wir helfen Ihnen bei der Entwicklung Ihres Produkts der n\u00e4chsten Generation<\/h2><div class=\"lb-eventbox-content\"><div class=\"lb-form\"><p>Verlassen Sie sich auf unser branchenf\u00fchrendes Know-how und unsere Plug-and-Play- L\u00f6sungen f\u00fcr die Erstellung und Wartung intelligenter vernetzter Produkte und digitaler Produktdienste!<\/p><form class=\"lb-reg-form\" data-require-business-mail=\"true\"><input type=\"hidden\" name=\"id\" value=\"2184\"><input type=\"hidden\" name=\"url\" id=\"url\" value=\"https:\/\/proekspert.com\/de\/wp-json\/wp\/v2\/pages\/7281\/\"><input type=\"hidden\" name=\"cid\" id=\"cid\" value=\"\"><input type=\"hidden\" name=\"gaid\" id=\"gaid\" value=\"\"><div class=\"form-fields\"><div class=\"form-group form-group--name\"><label for=\"2184_name\">Vor- und Zuname <span class=\"required-dot\">*<\/span><\/label><input type=\"text\" name=\"name\" id=\"2184_name\" required><\/div><div class=\"form-group form-group--company\"><label for=\"2184_company\">Unternehmen <span class=\"required-dot\">*<\/span><\/label><input type=\"text\" name=\"company\" id=\"2184_company\" required><\/div><div class=\"form-group form-group--email\"><label for=\"2184_email\">E-mail <span class=\"required-dot\">*<\/span><\/label><input type=\"text\" name=\"email\" id=\"2184_email\" required><\/div><div class=\"form-group form-group--phone\"><label for=\"2184_phone\">Telefon <span class=\"required-dot\">*<\/span><\/label><input type=\"text\" name=\"phone\" id=\"2184_phone\" required><\/div><div class=\"form-group form-group--message\"><label for=\"2184_message\">Ihre Nachricht <span class=\"required-dot\">*<\/span><\/label><textarea name=\"message\" id=\"2184_message\" required><\/textarea><\/div><\/div><div class=\"lb-error\"><p>Bitte f\u00fcllen Sie alle Pflichtfelder (mit * gekennzeichnet) aus.<\/p><\/div><div class=\"lb-submit\"><button class=\"wp-block-button__link\">Nachricht senden<\/button><svg class=\"contact-form-loader\" width=\"38\" height=\"38\" viewBox=\"0 0 38 38\" xmlns=\"http:\/\/www.w3.org\/2000\/svg\" stroke=\"#3890E4\"><g fill=\"none\" fill-rule=\"evenodd\"><g transform=\"translate(1 1)\" stroke-width=\"2\"><circle stroke-opacity=\".5\" cx=\"18\" cy=\"18\" r=\"18\"\/><path d=\"M36 18c0-9.94-8.06-18-18-18\"><animateTransform attributeName=\"transform\" type=\"rotate\" from=\"0 18 18\" to=\"360 18 18\" dur=\"1s\" repeatCount=\"indefinite\"\/><\/path><\/g><\/g><\/svg><\/div><div class=\"lb-recaptcha-branding\"><p>Diese Website ist durch reCAPTCHA gesch\u00fctzt und es gelten die <a href=\"https:\/\/policies.google.com\/privacy\" target=\"_blank\">Datenschutzbestimmungen<\/a> und <a href=\"https:\/\/policies.google.com\/terms\" target=\"_blank\">Nutzungsbedingungen<\/a> von Google.<\/p><\/div><\/form><\/div><div class=\"lb-success\"><div class=\"success-icon\"><svg width=\"65\" height=\"51\" viewBox=\"0 0 65 51\" fill=\"none\" xmlns=\"http:\/\/www.w3.org\/2000\/svg\"><path d=\"M4 25.3396L21.7662 43L61 4\" stroke=\"#1AD14C\" stroke-width=\"10\"\/><\/svg><\/div><h2>Thank You!<\/h2><p>Ihre Nachricht wurde gesendet. Unser Team wird sich so schnell wie m\u00f6glich bei Ihnen melden!<\/p><button class=\"wp-block-button__link js-send-more\">Send One More<\/button><\/div><\/div><\/div><div class=\"contact-form-person-column col-md-4\"><div class=\"contact-person-item\"><\/div><\/div><\/div><\/div><\/div><\/section><script>!function(){window.addEventListener(\"load\",function(){!function(){try{var t,e,n=ga.getAll();for(t=0,e=n.length;t<e;t+=1)if(\"UA-151528475-1\"===n[t].get(\"trackingId\")){var d=n[t].get(\"clientId\");return document.getElementById(\"gaid\")&&\"string\"==typeof d&&document.getElementById(\"gaid\").setAttribute(\"value\",d),n[t].get(\"clientId\")}}catch(t){}}()})}();<\/script>\n","protected":false},"excerpt":{"rendered":"<p>Instead of guessing what the customer and end-user might need, we generate evidence to confirm hypotheses. With this insight, our designers and engineers work with you to improve your customer&#8217;s experience in areas that matter most, both for the customer and your company.<\/p>\n","protected":false},"author":6,"featured_media":7188,"parent":0,"menu_order":0,"comment_status":"closed","ping_status":"closed","template":"service-page-template.php","meta":{"_acf_changed":false,"footnotes":""},"class_list":["post-7281","page","type-page","status-publish","has-post-thumbnail","hentry"],"acf":[],"_links":{"self":[{"href":"https:\/\/proekspert.com\/de\/wp-json\/wp\/v2\/pages\/7281","targetHints":{"allow":["GET"]}}],"collection":[{"href":"https:\/\/proekspert.com\/de\/wp-json\/wp\/v2\/pages"}],"about":[{"href":"https:\/\/proekspert.com\/de\/wp-json\/wp\/v2\/types\/page"}],"author":[{"embeddable":true,"href":"https:\/\/proekspert.com\/de\/wp-json\/wp\/v2\/users\/6"}],"replies":[{"embeddable":true,"href":"https:\/\/proekspert.com\/de\/wp-json\/wp\/v2\/comments?post=7281"}],"version-history":[{"count":2,"href":"https:\/\/proekspert.com\/de\/wp-json\/wp\/v2\/pages\/7281\/revisions"}],"predecessor-version":[{"id":7284,"href":"https:\/\/proekspert.com\/de\/wp-json\/wp\/v2\/pages\/7281\/revisions\/7284"}],"wp:featuredmedia":[{"embeddable":true,"href":"https:\/\/proekspert.com\/de\/wp-json\/wp\/v2\/media\/7188"}],"wp:attachment":[{"href":"https:\/\/proekspert.com\/de\/wp-json\/wp\/v2\/media?parent=7281"}],"curies":[{"name":"wp","href":"https:\/\/api.w.org\/{rel}","templated":true}]}}